{"id":17484,"date":"2025-06-23T17:41:55","date_gmt":"2025-06-23T20:41:55","guid":{"rendered":"https:\/\/dintec.com.br\/dintec\/?page_id=17484"},"modified":"2025-06-24T10:00:26","modified_gmt":"2025-06-24T13:00:26","slug":"pdv-smart-pos","status":"publish","type":"page","link":"https:\/\/dintec.com.br\/dintec\/pdv-smart-pos\/","title":{"rendered":"PDV Smart POS"},"content":{"rendered":"\t\t<div data-elementor-type=\"wp-page\" data-elementor-id=\"17484\" class=\"elementor elementor-17484\">\n\t\t\t\t\t\t<section class=\"elementor-section elementor-top-section elementor-element elementor-element-a2b1fab elementor-section-full_width elementor-section-stretched animated-slow elementor-section-height-default elementor-section-height-default elementor-invisible\" data-id=\"a2b1fab\" data-element_type=\"section\" data-e-type=\"section\" data-settings=\"{&quot;animation&quot;:&quot;fadeIn&quot;,&quot;stretch_section&quot;:&quot;section-stretched&quot;}\">\n\t\t\t\t\t\t<div class=\"elementor-container elementor-column-gap-default\">\n\t\t\t\t\t<div class=\"elementor-column elementor-col-50 elementor-top-column elementor-element elementor-element-bd52aa8\" data-id=\"bd52aa8\" data-element_type=\"column\" data-e-type=\"column\">\n\t\t\t<div class=\"elementor-widget-wrap elementor-element-populated\">\n\t\t\t\t\t\t<div class=\"elementor-element elementor-element-3c652e4 elementor-widget__width-initial elementor-hidden-tablet elementor-hidden-mobile elementor-widget elementor-widget-video\" data-id=\"3c652e4\" data-element_type=\"widget\" data-e-type=\"widget\" data-settings=\"{&quot;video_type&quot;:&quot;hosted&quot;,&quot;autoplay&quot;:&quot;yes&quot;,&quot;play_on_mobile&quot;:&quot;yes&quot;,&quot;mute&quot;:&quot;yes&quot;,&quot;loop&quot;:&quot;yes&quot;}\" data-widget_type=\"video.default\">\n\t\t\t\t<div class=\"elementor-widget-container\">\n\t\t\t\t\t\t\t<div class=\"e-hosted-video elementor-wrapper elementor-open-inline\">\n\t\t\t\t\t<video class=\"elementor-video\" src=\"https:\/\/dintec.com.br\/dintec\/wp-content\/uploads\/2025\/06\/GestorVero.mp4\" autoplay=\"\" loop=\"\" muted=\"muted\" playsinline=\"\" controlsList=\"nodownload\"><\/video>\n\t\t\t\t<\/div>\n\t\t\t\t\t\t<\/div>\n\t\t\t\t<\/div>\n\t\t\t\t\t<\/div>\n\t\t<\/div>\n\t\t\t\t<div class=\"elementor-column elementor-col-50 elementor-top-column elementor-element elementor-element-0fa9bd1\" data-id=\"0fa9bd1\" data-element_type=\"column\" data-e-type=\"column\">\n\t\t\t<div class=\"elementor-widget-wrap elementor-element-populated\">\n\t\t\t\t\t\t<div class=\"elementor-element elementor-element-3901da1 elementor-widget__width-inherit elementor-widget-mobile__width-initial elementor-widget-tablet__width-inherit elementor-widget elementor-widget-sectiontitle\" data-id=\"3901da1\" data-element_type=\"widget\" data-e-type=\"widget\" data-widget_type=\"sectiontitle.default\">\n\t\t\t\t<div class=\"elementor-widget-container\">\n\t\t\t\t\t\r\n\t\t\t\t<div class=\"\">\r\n\t\t\t<div class=\"section-title t_left\">\r\n\t\t\t\t<h5>PDV Smart POS \u2013 TEF e NFc-e Integrados<\/h5>\r\n\t\t\t\t<div class=\"title\">\r\n\t\t\t\t    <h3>PDV Smart POS \u2013 Pagamentos e emiss\u00e3o de NFC-e<\/h3>\r\n\t\t\t\t    <h2><span><\/span><\/h2>\r\n\t\t\t\t<\/div>\r\n\t\t\t\t\t\t\t\r\n\t\t\t\t<div class=\"bar-main\">\r\n\t\t\t\t\t<div class=\"bar bar-big\"><\/div>\r\n\t\t\t\t<\/div>\r\n\t\t\t\t\t\t\t\t<p>Com o aplicativo PDV Smart POS, voc\u00ea realiza suas vendas diretamente na maquininha, com controle completo de estoque e financeiro em tempo real. Ele permite a integra\u00e7\u00e3o com TEF e a emiss\u00e3o de NFC-e de forma pr\u00e1tica e r\u00e1pida.<\/p>\r\n\t\t\t<\/div>\t\r\n\t\t<\/div>\r\n\t\t\r\n\t\t\t\t\t<\/div>\n\t\t\t\t<\/div>\n\t\t<div class=\"elementor-element elementor-element-163cfa4 e-flex e-con-boxed e-con e-parent\" data-id=\"163cfa4\" data-element_type=\"container\" data-e-type=\"container\">\n\t\t\t\t\t<div class=\"e-con-inner\">\n\t\t\t\t<div class=\"elementor-element elementor-element-c4e8cdd elementor-widget__width-initial elementor-widget-tablet__width-initial elementor-widget-mobile__width-initial elementor-hidden-desktop elementor-widget elementor-widget-video\" data-id=\"c4e8cdd\" data-element_type=\"widget\" data-e-type=\"widget\" data-settings=\"{&quot;video_type&quot;:&quot;hosted&quot;,&quot;autoplay&quot;:&quot;yes&quot;,&quot;play_on_mobile&quot;:&quot;yes&quot;,&quot;mute&quot;:&quot;yes&quot;,&quot;loop&quot;:&quot;yes&quot;}\" data-widget_type=\"video.default\">\n\t\t\t\t<div class=\"elementor-widget-container\">\n\t\t\t\t\t\t\t<div class=\"e-hosted-video elementor-wrapper elementor-open-inline\">\n\t\t\t\t\t<video class=\"elementor-video\" src=\"https:\/\/dintec.com.br\/dintec\/wp-content\/uploads\/2025\/06\/GestorVero.mp4\" autoplay=\"\" loop=\"\" muted=\"muted\" playsinline=\"\" controlsList=\"nodownload\"><\/video>\n\t\t\t\t<\/div>\n\t\t\t\t\t\t<\/div>\n\t\t\t\t<\/div>\n\t\t\t\t\t<\/div>\n\t\t\t\t<\/div>\n\t\t\t\t<div class=\"elementor-element elementor-element-de6e481 elementor-align-justify elementor-widget__width-initial elementor-widget-mobile__width-initial elementor-widget elementor-widget-button\" data-id=\"de6e481\" data-element_type=\"widget\" data-e-type=\"widget\" data-widget_type=\"button.default\">\n\t\t\t\t<div class=\"elementor-widget-container\">\n\t\t\t\t\t\t\t\t\t<div class=\"elementor-button-wrapper\">\n\t\t\t\t\t<a class=\"elementor-button elementor-button-link elementor-size-sm\" href=\"https:\/\/dintec.com.br\/dintec\/contato\/\">\n\t\t\t\t\t\t<span class=\"elementor-button-content-wrapper\">\n\t\t\t\t\t\t\t\t\t<span class=\"elementor-button-text\">Saiba mais<\/span>\n\t\t\t\t\t<\/span>\n\t\t\t\t\t<\/a>\n\t\t\t\t<\/div>\n\t\t\t\t\t\t\t\t<\/div>\n\t\t\t\t<\/div>\n\t\t\t\t\t<\/div>\n\t\t<\/div>\n\t\t\t\t\t<\/div>\n\t\t<\/section>\n\t\t\t\t<section class=\"elementor-section elementor-top-section elementor-element elementor-element-9c4aad4 elementor-section-full_width elementor-section-stretched animated-slow elementor-section-height-default elementor-section-height-default elementor-invisible\" data-id=\"9c4aad4\" data-element_type=\"section\" data-e-type=\"section\" data-settings=\"{&quot;background_background&quot;:&quot;classic&quot;,&quot;stretch_section&quot;:&quot;section-stretched&quot;,&quot;animation&quot;:&quot;fadeIn&quot;}\">\n\t\t\t\t\t\t<div class=\"elementor-container elementor-column-gap-default\">\n\t\t\t\t\t<div class=\"elementor-column elementor-col-50 elementor-top-column elementor-element elementor-element-ae4b17a\" data-id=\"ae4b17a\" data-element_type=\"column\" data-e-type=\"column\">\n\t\t\t<div class=\"elementor-widget-wrap elementor-element-populated\">\n\t\t\t\t\t\t<div class=\"elementor-element elementor-element-94998d4 elementor-widget__width-initial elementor-widget-tablet__width-inherit elementor-widget-mobile__width-inherit elementor-widget elementor-widget-sectiontitle\" data-id=\"94998d4\" data-element_type=\"widget\" data-e-type=\"widget\" data-widget_type=\"sectiontitle.default\">\n\t\t\t\t<div class=\"elementor-widget-container\">\n\t\t\t\t\t\r\n\t\t\t\t<div class=\"\">\r\n\t\t\t<div class=\"section-title t_left\">\r\n\t\t\t\t<h5><\/h5>\r\n\t\t\t\t<div class=\"title\">\r\n\t\t\t\t    <h3><\/h3>\r\n\t\t\t\t    <h2><span>Realize suas vendas de forma pr\u00e1tica e r\u00e1pida<\/span><\/h2>\r\n\t\t\t\t<\/div>\r\n\t\t\t\t\t\t\t\r\n\t\t\t\t<div class=\"bar-main\">\r\n\t\t\t\t\t<div class=\"bar bar-big\"><\/div>\r\n\t\t\t\t<\/div>\r\n\t\t\t\t\t\t\t\t<p>O Mobi Gestor integrado a Smart POS, foi desenvolvido para oferecer mobilidade com controle total, permitindo que voc\u00ea tome decis\u00f5es r\u00e1pidas e seguras \u2014 mesmo longe da empresa. Agora com integra\u00e7\u00e3o completa \u00e0 maquininha Smart POS da Vero, tudo fica ainda mais pr\u00e1tico.\n<br>\n\u2705 Acesse seu aplicativo diretamente na maquininha<br>\n\u2705 Realize vendas com emiss\u00e3o de NFC-e integrada ao TEF<br>\n\u2705 Imprima a NFC-e direto na pr\u00f3pria maquininha<br>\n\u2705 Controle financeiro, vendas e estoque em tempo real<br>\n\u2705 Consulte clientes, produtos e pedidos com facilidade<br>\n\u2705 Relat\u00f3rios r\u00e1pidos, claros e intuitivos<br>\n\u2705 Sincroniza\u00e7\u00e3o autom\u00e1tica com o ERP Dintec<br>\n\u2705 Interface amig\u00e1vel, ideal para qualquer perfil de usu\u00e1rio<br>\n\u2705 Ordem de servi\u00e7o, Or\u00e7amento, visualize seu caixa em tempo real, fa\u00e7a recebimento de contas e muito mais!<br><\/p>\r\n\t\t\t<\/div>\t\r\n\t\t<\/div>\r\n\t\t\r\n\t\t\t\t\t<\/div>\n\t\t\t\t<\/div>\n\t\t\t\t<div class=\"elementor-element elementor-element-5ee4f6c elementor-widget-mobile__width-inherit elementor-hidden-desktop elementor-widget elementor-widget-image\" data-id=\"5ee4f6c\" data-element_type=\"widget\" data-e-type=\"widget\" data-widget_type=\"image.default\">\n\t\t\t\t<div class=\"elementor-widget-container\">\n\t\t\t\t\t\t\t\t\t\t\t\t\t\t\t<img fetchpriority=\"high\" decoding=\"async\" width=\"300\" height=\"608\" src=\"https:\/\/dintec.com.br\/dintec\/wp-content\/uploads\/2025\/06\/POS-Vero.png\" class=\"attachment-large size-large wp-image-17505\" alt=\"\" srcset=\"https:\/\/dintec.com.br\/dintec\/wp-content\/uploads\/2025\/06\/POS-Vero.png 300w, https:\/\/dintec.com.br\/dintec\/wp-content\/uploads\/2025\/06\/POS-Vero-148x300.png 148w\" sizes=\"(max-width: 300px) 100vw, 300px\" \/>\t\t\t\t\t\t\t\t\t\t\t\t\t\t\t<\/div>\n\t\t\t\t<\/div>\n\t\t\t\t<div class=\"elementor-element elementor-element-8871748 elementor-align-justify elementor-widget__width-initial elementor-widget-mobile__width-initial elementor-widget elementor-widget-button\" data-id=\"8871748\" data-element_type=\"widget\" data-e-type=\"widget\" data-widget_type=\"button.default\">\n\t\t\t\t<div class=\"elementor-widget-container\">\n\t\t\t\t\t\t\t\t\t<div class=\"elementor-button-wrapper\">\n\t\t\t\t\t<a class=\"elementor-button elementor-button-link elementor-size-sm\" href=\"https:\/\/dintec.com.br\/dintec\/contato\/\">\n\t\t\t\t\t\t<span class=\"elementor-button-content-wrapper\">\n\t\t\t\t\t\t\t\t\t<span class=\"elementor-button-text\">Saiba mais<\/span>\n\t\t\t\t\t<\/span>\n\t\t\t\t\t<\/a>\n\t\t\t\t<\/div>\n\t\t\t\t\t\t\t\t<\/div>\n\t\t\t\t<\/div>\n\t\t\t\t\t<\/div>\n\t\t<\/div>\n\t\t\t\t<div class=\"elementor-column elementor-col-50 elementor-top-column elementor-element elementor-element-3dc595d\" data-id=\"3dc595d\" data-element_type=\"column\" data-e-type=\"column\">\n\t\t\t<div class=\"elementor-widget-wrap elementor-element-populated\">\n\t\t\t\t\t\t<div class=\"elementor-element elementor-element-b4a2be0 elementor-hidden-tablet elementor-hidden-mobile elementor-widget elementor-widget-image\" data-id=\"b4a2be0\" data-element_type=\"widget\" data-e-type=\"widget\" data-widget_type=\"image.default\">\n\t\t\t\t<div class=\"elementor-widget-container\">\n\t\t\t\t\t\t\t\t\t\t\t\t\t\t\t<img fetchpriority=\"high\" decoding=\"async\" width=\"300\" height=\"608\" src=\"https:\/\/dintec.com.br\/dintec\/wp-content\/uploads\/2025\/06\/POS-Vero.png\" class=\"attachment-large size-large wp-image-17505\" alt=\"\" srcset=\"https:\/\/dintec.com.br\/dintec\/wp-content\/uploads\/2025\/06\/POS-Vero.png 300w, https:\/\/dintec.com.br\/dintec\/wp-content\/uploads\/2025\/06\/POS-Vero-148x300.png 148w\" sizes=\"(max-width: 300px) 100vw, 300px\" \/>\t\t\t\t\t\t\t\t\t\t\t\t\t\t\t<\/div>\n\t\t\t\t<\/div>\n\t\t\t\t\t<\/div>\n\t\t<\/div>\n\t\t\t\t\t<\/div>\n\t\t<\/section>\n\t\t\t\t<\/div>\n\t\t","protected":false},"excerpt":{"rendered":"<p>https:\/\/dintec.com.br\/dintec\/wp-content\/uploads\/2025\/06\/GestorVero.mp4 PDV Smart POS \u2013 TEF e NFc-e Integrados PDV Smart POS \u2013 Pagamentos e emiss\u00e3o de NFC-e Com o aplicativo PDV Smart POS, voc\u00ea realiza suas vendas diretamente na maquininha, com controle completo de estoque e financeiro em tempo real. Ele permite a integra\u00e7\u00e3o com TEF e a emiss\u00e3o de NFC-e de forma pr\u00e1tica [&hellip;]<\/p>\n","protected":false},"author":1,"featured_media":0,"parent":0,"menu_order":0,"comment_status":"closed","ping_status":"closed","template":"elementor_theme","meta":{"_joinchat":[],"footnotes":""},"class_list":["post-17484","page","type-page","status-publish","hentry"],"_links":{"self":[{"href":"https:\/\/dintec.com.br\/dintec\/wp-json\/wp\/v2\/pages\/17484","targetHints":{"allow":["GET"]}}],"collection":[{"href":"https:\/\/dintec.com.br\/dintec\/wp-json\/wp\/v2\/pages"}],"about":[{"href":"https:\/\/dintec.com.br\/dintec\/wp-json\/wp\/v2\/types\/page"}],"author":[{"embeddable":true,"href":"https:\/\/dintec.com.br\/dintec\/wp-json\/wp\/v2\/users\/1"}],"replies":[{"embeddable":true,"href":"https:\/\/dintec.com.br\/dintec\/wp-json\/wp\/v2\/comments?post=17484"}],"version-history":[{"count":29,"href":"https:\/\/dintec.com.br\/dintec\/wp-json\/wp\/v2\/pages\/17484\/revisions"}],"predecessor-version":[{"id":17519,"href":"https:\/\/dintec.com.br\/dintec\/wp-json\/wp\/v2\/pages\/17484\/revisions\/17519"}],"wp:attachment":[{"href":"https:\/\/dintec.com.br\/dintec\/wp-json\/wp\/v2\/media?parent=17484"}],"curies":[{"name":"wp","href":"https:\/\/api.w.org\/{rel}","templated":true}]}}