{"id":17343,"date":"2025-04-04T09:25:42","date_gmt":"2025-04-04T12:25:42","guid":{"rendered":"https:\/\/dintec.com.br\/dintec\/?page_id=17343"},"modified":"2025-04-04T15:42:53","modified_gmt":"2025-04-04T18:42:53","slug":"mobi-gestor","status":"publish","type":"page","link":"https:\/\/dintec.com.br\/dintec\/mobi-gestor\/","title":{"rendered":"Mobi Gestor"},"content":{"rendered":"\t\t<div data-elementor-type=\"wp-page\" data-elementor-id=\"17343\" class=\"elementor elementor-17343\">\n\t\t\t\t\t\t<section class=\"elementor-section elementor-top-section elementor-element elementor-element-1fe90025 elementor-section-full_width elementor-section-stretched animated-slow elementor-section-height-default elementor-section-height-default elementor-invisible\" data-id=\"1fe90025\" data-element_type=\"section\" data-e-type=\"section\" id=\"sigem\" data-settings=\"{&quot;animation&quot;:&quot;fadeIn&quot;,&quot;stretch_section&quot;:&quot;section-stretched&quot;}\">\n\t\t\t\t\t\t<div class=\"elementor-container elementor-column-gap-default\">\n\t\t\t\t\t<div class=\"elementor-column elementor-col-50 elementor-top-column elementor-element elementor-element-46cc2281\" data-id=\"46cc2281\" data-element_type=\"column\" data-e-type=\"column\">\n\t\t\t<div class=\"elementor-widget-wrap elementor-element-populated\">\n\t\t\t\t\t\t<div class=\"elementor-element elementor-element-66d634b2 elementor-widget__width-initial elementor-hidden-tablet elementor-hidden-mobile elementor-widget elementor-widget-video\" data-id=\"66d634b2\" data-element_type=\"widget\" data-e-type=\"widget\" data-settings=\"{&quot;video_type&quot;:&quot;hosted&quot;,&quot;autoplay&quot;:&quot;yes&quot;,&quot;play_on_mobile&quot;:&quot;yes&quot;,&quot;mute&quot;:&quot;yes&quot;,&quot;loop&quot;:&quot;yes&quot;}\" data-widget_type=\"video.default\">\n\t\t\t\t<div class=\"elementor-widget-container\">\n\t\t\t\t\t\t\t<div class=\"e-hosted-video elementor-wrapper elementor-open-inline\">\n\t\t\t\t\t<video class=\"elementor-video\" src=\"https:\/\/dintec.com.br\/dintec\/wp-content\/uploads\/2025\/04\/MobiGestor.mp4\" autoplay=\"\" loop=\"\" muted=\"muted\" playsinline=\"\" controlsList=\"nodownload\"><\/video>\n\t\t\t\t<\/div>\n\t\t\t\t\t\t<\/div>\n\t\t\t\t<\/div>\n\t\t\t\t\t<\/div>\n\t\t<\/div>\n\t\t\t\t<div class=\"elementor-column elementor-col-50 elementor-top-column elementor-element elementor-element-443fe0ac\" data-id=\"443fe0ac\" data-element_type=\"column\" data-e-type=\"column\">\n\t\t\t<div class=\"elementor-widget-wrap elementor-element-populated\">\n\t\t\t\t\t\t<div class=\"elementor-element elementor-element-19fa4af8 elementor-widget__width-inherit elementor-widget-mobile__width-initial elementor-widget-tablet__width-inherit elementor-widget elementor-widget-sectiontitle\" data-id=\"19fa4af8\" data-element_type=\"widget\" data-e-type=\"widget\" data-widget_type=\"sectiontitle.default\">\n\t\t\t\t<div class=\"elementor-widget-container\">\n\t\t\t\t\t\r\n\t\t\t\t<div class=\"\">\r\n\t\t\t<div class=\"section-title t_left\">\r\n\t\t\t\t<h5>Mobi Gestor \u2013 Gerencie sua empresa de onde estiver<\/h5>\r\n\t\t\t\t<div class=\"title\">\r\n\t\t\t\t    <h3>Mobi Gestor \u2013 Gest\u00e3o na Palma da M\u00e3o<\/h3>\r\n\t\t\t\t    <h2><span><\/span><\/h2>\r\n\t\t\t\t<\/div>\r\n\t\t\t\t\t\t\t\r\n\t\t\t\t<div class=\"bar-main\">\r\n\t\t\t\t\t<div class=\"bar bar-big\"><\/div>\r\n\t\t\t\t<\/div>\r\n\t\t\t\t\t\t\t\t<p>Com o aplicativo Mobi Gestor, voc\u00ea acompanha suas vendas, estoque e financeiro em tempo real, direto do celular. Agilidade, controle e liberdade para o empres\u00e1rio moderno.<\/p>\r\n\t\t\t<\/div>\t\r\n\t\t<\/div>\r\n\t\t\r\n\t\t\t\t\t<\/div>\n\t\t\t\t<\/div>\n\t\t<div class=\"elementor-element elementor-element-71c5ab9c e-flex e-con-boxed e-con e-parent\" data-id=\"71c5ab9c\" data-element_type=\"container\" data-e-type=\"container\">\n\t\t\t\t\t<div class=\"e-con-inner\">\n\t\t\t\t<div class=\"elementor-element elementor-element-1ea2a114 elementor-widget__width-initial elementor-widget-tablet__width-initial elementor-widget-mobile__width-initial elementor-hidden-desktop elementor-widget elementor-widget-video\" data-id=\"1ea2a114\" data-element_type=\"widget\" data-e-type=\"widget\" data-settings=\"{&quot;video_type&quot;:&quot;hosted&quot;,&quot;autoplay&quot;:&quot;yes&quot;,&quot;play_on_mobile&quot;:&quot;yes&quot;,&quot;mute&quot;:&quot;yes&quot;,&quot;loop&quot;:&quot;yes&quot;}\" data-widget_type=\"video.default\">\n\t\t\t\t<div class=\"elementor-widget-container\">\n\t\t\t\t\t\t\t<div class=\"e-hosted-video elementor-wrapper elementor-open-inline\">\n\t\t\t\t\t<video class=\"elementor-video\" src=\"https:\/\/dintec.com.br\/dintec\/wp-content\/uploads\/2025\/04\/MobiGestor.mp4\" autoplay=\"\" loop=\"\" muted=\"muted\" playsinline=\"\" controlsList=\"nodownload\"><\/video>\n\t\t\t\t<\/div>\n\t\t\t\t\t\t<\/div>\n\t\t\t\t<\/div>\n\t\t\t\t\t<\/div>\n\t\t\t\t<\/div>\n\t\t\t\t<div class=\"elementor-element elementor-element-65039a4c elementor-align-justify elementor-widget__width-initial elementor-widget-mobile__width-initial elementor-widget elementor-widget-button\" data-id=\"65039a4c\" data-element_type=\"widget\" data-e-type=\"widget\" data-widget_type=\"button.default\">\n\t\t\t\t<div class=\"elementor-widget-container\">\n\t\t\t\t\t\t\t\t\t<div class=\"elementor-button-wrapper\">\n\t\t\t\t\t<a class=\"elementor-button elementor-button-link elementor-size-sm\" href=\"https:\/\/dintec.com.br\/dintec\/contato\/\">\n\t\t\t\t\t\t<span class=\"elementor-button-content-wrapper\">\n\t\t\t\t\t\t\t\t\t<span class=\"elementor-button-text\">Saiba mais<\/span>\n\t\t\t\t\t<\/span>\n\t\t\t\t\t<\/a>\n\t\t\t\t<\/div>\n\t\t\t\t\t\t\t\t<\/div>\n\t\t\t\t<\/div>\n\t\t\t\t\t<\/div>\n\t\t<\/div>\n\t\t\t\t\t<\/div>\n\t\t<\/section>\n\t\t\t\t<section class=\"elementor-section elementor-top-section elementor-element elementor-element-2dd99e40 elementor-section-full_width elementor-section-stretched animated-slow elementor-section-height-default elementor-section-height-default elementor-invisible\" data-id=\"2dd99e40\" data-element_type=\"section\" data-e-type=\"section\" id=\"nuvem\" data-settings=\"{&quot;background_background&quot;:&quot;classic&quot;,&quot;stretch_section&quot;:&quot;section-stretched&quot;,&quot;animation&quot;:&quot;fadeIn&quot;}\">\n\t\t\t\t\t\t<div class=\"elementor-container elementor-column-gap-default\">\n\t\t\t\t\t<div class=\"elementor-column elementor-col-50 elementor-top-column elementor-element elementor-element-442f8259\" data-id=\"442f8259\" data-element_type=\"column\" data-e-type=\"column\">\n\t\t\t<div class=\"elementor-widget-wrap elementor-element-populated\">\n\t\t\t\t\t\t<div class=\"elementor-element elementor-element-75b77daa elementor-widget__width-initial elementor-widget-tablet__width-inherit elementor-widget-mobile__width-inherit elementor-widget elementor-widget-sectiontitle\" data-id=\"75b77daa\" data-element_type=\"widget\" data-e-type=\"widget\" data-widget_type=\"sectiontitle.default\">\n\t\t\t\t<div class=\"elementor-widget-container\">\n\t\t\t\t\t\r\n\t\t\t\t<div class=\"\">\r\n\t\t\t<div class=\"section-title t_left\">\r\n\t\t\t\t<h5><\/h5>\r\n\t\t\t\t<div class=\"title\">\r\n\t\t\t\t    <h3><\/h3>\r\n\t\t\t\t    <h2><span>Tudo o que voc\u00ea precisa, sempre ao seu alcance<\/span><\/h2>\r\n\t\t\t\t<\/div>\r\n\t\t\t\t\t\t\t\r\n\t\t\t\t<div class=\"bar-main\">\r\n\t\t\t\t\t<div class=\"bar bar-big\"><\/div>\r\n\t\t\t\t<\/div>\r\n\t\t\t\t\t\t\t\t<p>O Mobi Gestor foi desenvolvido para oferecer mobilidade com controle total, permitindo que voc\u00ea tome decis\u00f5es r\u00e1pidas e seguras \u2014 mesmo longe da empresa.\n<br>\n<br>\n\u2705 Acesso em tempo real ao financeiro, vendas e estoque\n<br>\n\u2705 Consulta de clientes, produtos e pedidos\n<br>\n\u2705 Relat\u00f3rios r\u00e1pidos e visualmente intuitivos\n<br>\n\u2705 Atualiza\u00e7\u00f5es sincronizadas com o ERP Dintec\n<br>\n\u2705 Interface amig\u00e1vel, ideal para qualquer n\u00edvel de usu\u00e1rio<\/p>\r\n\t\t\t<\/div>\t\r\n\t\t<\/div>\r\n\t\t\r\n\t\t\t\t\t<\/div>\n\t\t\t\t<\/div>\n\t\t\t\t<div class=\"elementor-element elementor-element-3c82a11f elementor-widget-mobile__width-inherit elementor-hidden-desktop elementor-widget elementor-widget-image\" data-id=\"3c82a11f\" data-element_type=\"widget\" data-e-type=\"widget\" data-widget_type=\"image.default\">\n\t\t\t\t<div class=\"elementor-widget-container\">\n\t\t\t\t\t\t\t\t\t\t\t\t\t\t\t<img fetchpriority=\"high\" decoding=\"async\" width=\"1024\" height=\"585\" src=\"https:\/\/dintec.com.br\/dintec\/wp-content\/uploads\/2025\/04\/Mobile-1024x585.png\" class=\"attachment-large size-large wp-image-17364\" alt=\"\" srcset=\"https:\/\/dintec.com.br\/dintec\/wp-content\/uploads\/2025\/04\/Mobile-1024x585.png 1024w, https:\/\/dintec.com.br\/dintec\/wp-content\/uploads\/2025\/04\/Mobile-300x171.png 300w, https:\/\/dintec.com.br\/dintec\/wp-content\/uploads\/2025\/04\/Mobile-768x439.png 768w, https:\/\/dintec.com.br\/dintec\/wp-content\/uploads\/2025\/04\/Mobile-1536x878.png 1536w, https:\/\/dintec.com.br\/dintec\/wp-content\/uploads\/2025\/04\/Mobile.png 1792w\" sizes=\"(max-width: 1024px) 100vw, 1024px\" \/>\t\t\t\t\t\t\t\t\t\t\t\t\t\t\t<\/div>\n\t\t\t\t<\/div>\n\t\t\t\t<div class=\"elementor-element elementor-element-4f37ba04 elementor-align-justify elementor-widget__width-initial elementor-widget-mobile__width-initial elementor-widget elementor-widget-button\" data-id=\"4f37ba04\" data-element_type=\"widget\" data-e-type=\"widget\" data-widget_type=\"button.default\">\n\t\t\t\t<div class=\"elementor-widget-container\">\n\t\t\t\t\t\t\t\t\t<div class=\"elementor-button-wrapper\">\n\t\t\t\t\t<a class=\"elementor-button elementor-button-link elementor-size-sm\" href=\"https:\/\/dintec.com.br\/dintec\/contato\/\">\n\t\t\t\t\t\t<span class=\"elementor-button-content-wrapper\">\n\t\t\t\t\t\t\t\t\t<span class=\"elementor-button-text\">Saiba mais<\/span>\n\t\t\t\t\t<\/span>\n\t\t\t\t\t<\/a>\n\t\t\t\t<\/div>\n\t\t\t\t\t\t\t\t<\/div>\n\t\t\t\t<\/div>\n\t\t\t\t\t<\/div>\n\t\t<\/div>\n\t\t\t\t<div class=\"elementor-column elementor-col-50 elementor-top-column elementor-element elementor-element-2d0adb97\" data-id=\"2d0adb97\" data-element_type=\"column\" data-e-type=\"column\">\n\t\t\t<div class=\"elementor-widget-wrap elementor-element-populated\">\n\t\t\t\t\t\t<div class=\"elementor-element elementor-element-35cb7fff elementor-hidden-tablet elementor-hidden-mobile elementor-widget elementor-widget-image\" data-id=\"35cb7fff\" data-element_type=\"widget\" data-e-type=\"widget\" data-widget_type=\"image.default\">\n\t\t\t\t<div class=\"elementor-widget-container\">\n\t\t\t\t\t\t\t\t\t\t\t\t\t\t\t<img fetchpriority=\"high\" decoding=\"async\" width=\"1024\" height=\"585\" src=\"https:\/\/dintec.com.br\/dintec\/wp-content\/uploads\/2025\/04\/Mobile-1024x585.png\" class=\"attachment-large size-large wp-image-17364\" alt=\"\" srcset=\"https:\/\/dintec.com.br\/dintec\/wp-content\/uploads\/2025\/04\/Mobile-1024x585.png 1024w, https:\/\/dintec.com.br\/dintec\/wp-content\/uploads\/2025\/04\/Mobile-300x171.png 300w, https:\/\/dintec.com.br\/dintec\/wp-content\/uploads\/2025\/04\/Mobile-768x439.png 768w, https:\/\/dintec.com.br\/dintec\/wp-content\/uploads\/2025\/04\/Mobile-1536x878.png 1536w, https:\/\/dintec.com.br\/dintec\/wp-content\/uploads\/2025\/04\/Mobile.png 1792w\" sizes=\"(max-width: 1024px) 100vw, 1024px\" \/>\t\t\t\t\t\t\t\t\t\t\t\t\t\t\t<\/div>\n\t\t\t\t<\/div>\n\t\t\t\t\t<\/div>\n\t\t<\/div>\n\t\t\t\t\t<\/div>\n\t\t<\/section>\n\t\t\t\t<section class=\"elementor-section elementor-top-section elementor-element elementor-element-5f3ad3b elementor-section-full_width elementor-section-stretched animated-slow elementor-section-height-default elementor-section-height-default elementor-invisible\" data-id=\"5f3ad3b\" data-element_type=\"section\" data-e-type=\"section\" data-settings=\"{&quot;animation&quot;:&quot;fadeIn&quot;,&quot;stretch_section&quot;:&quot;section-stretched&quot;}\">\n\t\t\t\t\t\t<div class=\"elementor-container elementor-column-gap-default\">\n\t\t\t\t\t<div class=\"elementor-column elementor-col-50 elementor-top-column elementor-element elementor-element-30eb1449\" data-id=\"30eb1449\" data-element_type=\"column\" data-e-type=\"column\">\n\t\t\t<div class=\"elementor-widget-wrap elementor-element-populated\">\n\t\t\t\t\t\t<div class=\"elementor-element elementor-element-7e69a887 elementor-hidden-tablet elementor-hidden-mobile elementor-widget__width-initial elementor-widget elementor-widget-image\" data-id=\"7e69a887\" data-element_type=\"widget\" data-e-type=\"widget\" data-widget_type=\"image.default\">\n\t\t\t\t<div class=\"elementor-widget-container\">\n\t\t\t\t\t\t\t\t\t\t\t\t\t\t\t<img decoding=\"async\" width=\"768\" height=\"1152\" src=\"https:\/\/dintec.com.br\/dintec\/wp-content\/uploads\/2025\/04\/2149271066-768x1152.jpg\" class=\"attachment-medium_large size-medium_large wp-image-17371\" alt=\"\" srcset=\"https:\/\/dintec.com.br\/dintec\/wp-content\/uploads\/2025\/04\/2149271066-768x1152.jpg 768w, https:\/\/dintec.com.br\/dintec\/wp-content\/uploads\/2025\/04\/2149271066-200x300.jpg 200w, https:\/\/dintec.com.br\/dintec\/wp-content\/uploads\/2025\/04\/2149271066-683x1024.jpg 683w, https:\/\/dintec.com.br\/dintec\/wp-content\/uploads\/2025\/04\/2149271066.jpg 1000w\" sizes=\"(max-width: 768px) 100vw, 768px\" \/>\t\t\t\t\t\t\t\t\t\t\t\t\t\t\t<\/div>\n\t\t\t\t<\/div>\n\t\t\t\t\t<\/div>\n\t\t<\/div>\n\t\t\t\t<div class=\"elementor-column elementor-col-50 elementor-top-column elementor-element elementor-element-3dd81891\" data-id=\"3dd81891\" data-element_type=\"column\" data-e-type=\"column\">\n\t\t\t<div class=\"elementor-widget-wrap elementor-element-populated\">\n\t\t\t\t\t\t<div class=\"elementor-element elementor-element-8715033 elementor-widget__width-inherit elementor-widget-mobile__width-initial elementor-widget-tablet__width-inherit elementor-widget elementor-widget-sectiontitle\" data-id=\"8715033\" data-element_type=\"widget\" data-e-type=\"widget\" data-widget_type=\"sectiontitle.default\">\n\t\t\t\t<div class=\"elementor-widget-container\">\n\t\t\t\t\t\r\n\t\t\t\t<div class=\"\">\r\n\t\t\t<div class=\"section-title t_left\">\r\n\t\t\t\t<h5><\/h5>\r\n\t\t\t\t<div class=\"title\">\r\n\t\t\t\t    <h3><\/h3>\r\n\t\t\t\t    <h2><span>Ideal para gestores que n\u00e3o param!<\/span><\/h2>\r\n\t\t\t\t<\/div>\r\n\t\t\t\t\t\t\t\r\n\t\t\t\t<div class=\"bar-main\">\r\n\t\t\t\t\t<div class=\"bar bar-big\"><\/div>\r\n\t\t\t\t<\/div>\r\n\t\t\t\t\t\t\t\t<p>Se voc\u00ea precisa tomar decis\u00f5es r\u00e1pidas, acompanhar o desempenho da empresa mesmo fora do escrit\u00f3rio ou simplesmente ter controle nas m\u00e3os, o Mobi Gestor \u00e9 feito para voc\u00ea.<\/p>\r\n\t\t\t<\/div>\t\r\n\t\t<\/div>\r\n\t\t\r\n\t\t\t\t\t<\/div>\n\t\t\t\t<\/div>\n\t\t\t\t<div class=\"elementor-element elementor-element-3e67d646 elementor-align-justify elementor-widget__width-initial elementor-widget-mobile__width-initial elementor-widget elementor-widget-button\" data-id=\"3e67d646\" data-element_type=\"widget\" data-e-type=\"widget\" data-widget_type=\"button.default\">\n\t\t\t\t<div class=\"elementor-widget-container\">\n\t\t\t\t\t\t\t\t\t<div class=\"elementor-button-wrapper\">\n\t\t\t\t\t<a class=\"elementor-button elementor-button-link elementor-size-sm\" href=\"https:\/\/dintec.com.br\/dintec\/contato\/\">\n\t\t\t\t\t\t<span class=\"elementor-button-content-wrapper\">\n\t\t\t\t\t\t\t\t\t<span class=\"elementor-button-text\">Saiba mais<\/span>\n\t\t\t\t\t<\/span>\n\t\t\t\t\t<\/a>\n\t\t\t\t<\/div>\n\t\t\t\t\t\t\t\t<\/div>\n\t\t\t\t<\/div>\n\t\t\t\t\t<\/div>\n\t\t<\/div>\n\t\t\t\t\t<\/div>\n\t\t<\/section>\n\t\t\t\t<section class=\"elementor-section elementor-top-section elementor-element elementor-element-1e131b7f elementor-section-full_width elementor-section-stretched animated-slow elementor-section-height-default elementor-section-height-default elementor-invisible\" data-id=\"1e131b7f\" data-element_type=\"section\" data-e-type=\"section\" data-settings=\"{&quot;background_background&quot;:&quot;classic&quot;,&quot;stretch_section&quot;:&quot;section-stretched&quot;,&quot;animation&quot;:&quot;fadeIn&quot;}\">\n\t\t\t\t\t\t<div class=\"elementor-container elementor-column-gap-default\">\n\t\t\t\t\t<div class=\"elementor-column elementor-col-50 elementor-top-column elementor-element elementor-element-c40edc2\" data-id=\"c40edc2\" data-element_type=\"column\" data-e-type=\"column\">\n\t\t\t<div class=\"elementor-widget-wrap elementor-element-populated\">\n\t\t\t\t\t\t<div class=\"elementor-element elementor-element-66acc1de elementor-widget__width-initial elementor-widget-tablet__width-inherit elementor-widget-mobile__width-inherit elementor-widget elementor-widget-sectiontitle\" data-id=\"66acc1de\" data-element_type=\"widget\" data-e-type=\"widget\" data-widget_type=\"sectiontitle.default\">\n\t\t\t\t<div class=\"elementor-widget-container\">\n\t\t\t\t\t\r\n\t\t\t\t<div class=\"\">\r\n\t\t\t<div class=\"section-title t_left\">\r\n\t\t\t\t<h5><\/h5>\r\n\t\t\t\t<div class=\"title\">\r\n\t\t\t\t    <h3><\/h3>\r\n\t\t\t\t    <h2><span>Conectado ao c\u00e9rebro do seu neg\u00f3cio<\/span><\/h2>\r\n\t\t\t\t<\/div>\r\n\t\t\t\t\t\t\t\r\n\t\t\t\t<div class=\"bar-main\">\r\n\t\t\t\t\t<div class=\"bar bar-big\"><\/div>\r\n\t\t\t\t<\/div>\r\n\t\t\t\t\t\t\t\t<p>Tudo o que acontece no ERP Dintec est\u00e1 no seu app. Informa\u00e7\u00f5es 100% sincronizadas em tempo real, sem necessidade de a\u00e7\u00f5es manuais ou exporta\u00e7\u00f5es.<\/p>\r\n\t\t\t<\/div>\t\r\n\t\t<\/div>\r\n\t\t\r\n\t\t\t\t\t<\/div>\n\t\t\t\t<\/div>\n\t\t\t\t<div class=\"elementor-element elementor-element-45a03014 elementor-widget-mobile__width-inherit elementor-hidden-desktop elementor-widget elementor-widget-image\" data-id=\"45a03014\" data-element_type=\"widget\" data-e-type=\"widget\" data-widget_type=\"image.default\">\n\t\t\t\t<div class=\"elementor-widget-container\">\n\t\t\t\t\t\t\t\t\t\t\t\t\t\t\t<img decoding=\"async\" width=\"1024\" height=\"683\" src=\"https:\/\/dintec.com.br\/dintec\/wp-content\/uploads\/2025\/04\/2150038906-1024x683.jpg\" class=\"attachment-large size-large wp-image-17378\" alt=\"\" srcset=\"https:\/\/dintec.com.br\/dintec\/wp-content\/uploads\/2025\/04\/2150038906-1024x683.jpg 1024w, https:\/\/dintec.com.br\/dintec\/wp-content\/uploads\/2025\/04\/2150038906-300x200.jpg 300w, https:\/\/dintec.com.br\/dintec\/wp-content\/uploads\/2025\/04\/2150038906-768x512.jpg 768w, https:\/\/dintec.com.br\/dintec\/wp-content\/uploads\/2025\/04\/2150038906.jpg 1500w\" sizes=\"(max-width: 1024px) 100vw, 1024px\" \/>\t\t\t\t\t\t\t\t\t\t\t\t\t\t\t<\/div>\n\t\t\t\t<\/div>\n\t\t\t\t<div class=\"elementor-element elementor-element-13c6acb3 elementor-align-justify elementor-widget__width-initial elementor-widget-mobile__width-initial elementor-widget elementor-widget-button\" data-id=\"13c6acb3\" data-element_type=\"widget\" data-e-type=\"widget\" data-widget_type=\"button.default\">\n\t\t\t\t<div class=\"elementor-widget-container\">\n\t\t\t\t\t\t\t\t\t<div class=\"elementor-button-wrapper\">\n\t\t\t\t\t<a class=\"elementor-button elementor-button-link elementor-size-sm\" href=\"https:\/\/dintec.com.br\/dintec\/contato\/\">\n\t\t\t\t\t\t<span class=\"elementor-button-content-wrapper\">\n\t\t\t\t\t\t\t\t\t<span class=\"elementor-button-text\">Saiba mais<\/span>\n\t\t\t\t\t<\/span>\n\t\t\t\t\t<\/a>\n\t\t\t\t<\/div>\n\t\t\t\t\t\t\t\t<\/div>\n\t\t\t\t<\/div>\n\t\t\t\t\t<\/div>\n\t\t<\/div>\n\t\t\t\t<div class=\"elementor-column elementor-col-50 elementor-top-column elementor-element elementor-element-376006d8\" data-id=\"376006d8\" data-element_type=\"column\" data-e-type=\"column\">\n\t\t\t<div class=\"elementor-widget-wrap elementor-element-populated\">\n\t\t\t\t\t\t<div class=\"elementor-element elementor-element-4a2735ec elementor-hidden-tablet elementor-hidden-mobile elementor-widget elementor-widget-image\" data-id=\"4a2735ec\" data-element_type=\"widget\" data-e-type=\"widget\" data-widget_type=\"image.default\">\n\t\t\t\t<div class=\"elementor-widget-container\">\n\t\t\t\t\t\t\t\t\t\t\t\t\t\t\t<img decoding=\"async\" width=\"1024\" height=\"683\" src=\"https:\/\/dintec.com.br\/dintec\/wp-content\/uploads\/2025\/04\/2150038906-1024x683.jpg\" class=\"attachment-large size-large wp-image-17378\" alt=\"\" srcset=\"https:\/\/dintec.com.br\/dintec\/wp-content\/uploads\/2025\/04\/2150038906-1024x683.jpg 1024w, https:\/\/dintec.com.br\/dintec\/wp-content\/uploads\/2025\/04\/2150038906-300x200.jpg 300w, https:\/\/dintec.com.br\/dintec\/wp-content\/uploads\/2025\/04\/2150038906-768x512.jpg 768w, https:\/\/dintec.com.br\/dintec\/wp-content\/uploads\/2025\/04\/2150038906.jpg 1500w\" sizes=\"(max-width: 1024px) 100vw, 1024px\" \/>\t\t\t\t\t\t\t\t\t\t\t\t\t\t\t<\/div>\n\t\t\t\t<\/div>\n\t\t\t\t\t<\/div>\n\t\t<\/div>\n\t\t\t\t\t<\/div>\n\t\t<\/section>\n\t\t\t\t<section class=\"elementor-section elementor-top-section elementor-element elementor-element-48e1d398 elementor-section-full_width elementor-section-stretched animated-slow elementor-section-height-default elementor-section-height-default elementor-invisible\" data-id=\"48e1d398\" data-element_type=\"section\" data-e-type=\"section\" data-settings=\"{&quot;animation&quot;:&quot;fadeIn&quot;,&quot;stretch_section&quot;:&quot;section-stretched&quot;}\">\n\t\t\t\t\t\t<div class=\"elementor-container elementor-column-gap-default\">\n\t\t\t\t\t<div class=\"elementor-column elementor-col-50 elementor-top-column elementor-element elementor-element-2e9319fb\" data-id=\"2e9319fb\" data-element_type=\"column\" data-e-type=\"column\">\n\t\t\t<div class=\"elementor-widget-wrap elementor-element-populated\">\n\t\t\t\t\t\t<div class=\"elementor-element elementor-element-28566639 elementor-hidden-tablet elementor-hidden-mobile elementor-widget__width-initial elementor-widget elementor-widget-image\" data-id=\"28566639\" data-element_type=\"widget\" data-e-type=\"widget\" data-widget_type=\"image.default\">\n\t\t\t\t<div class=\"elementor-widget-container\">\n\t\t\t\t\t\t\t\t\t\t\t\t\t\t\t<img loading=\"lazy\" decoding=\"async\" width=\"683\" height=\"1024\" src=\"https:\/\/dintec.com.br\/dintec\/wp-content\/uploads\/2025\/04\/2149206578-683x1024.jpg\" class=\"attachment-large size-large wp-image-17385\" alt=\"\" srcset=\"https:\/\/dintec.com.br\/dintec\/wp-content\/uploads\/2025\/04\/2149206578-683x1024.jpg 683w, https:\/\/dintec.com.br\/dintec\/wp-content\/uploads\/2025\/04\/2149206578-200x300.jpg 200w, https:\/\/dintec.com.br\/dintec\/wp-content\/uploads\/2025\/04\/2149206578-768x1152.jpg 768w, https:\/\/dintec.com.br\/dintec\/wp-content\/uploads\/2025\/04\/2149206578.jpg 1000w\" sizes=\"(max-width: 683px) 100vw, 683px\" \/>\t\t\t\t\t\t\t\t\t\t\t\t\t\t\t<\/div>\n\t\t\t\t<\/div>\n\t\t\t\t\t<\/div>\n\t\t<\/div>\n\t\t\t\t<div class=\"elementor-column elementor-col-50 elementor-top-column elementor-element elementor-element-632ba4a7\" data-id=\"632ba4a7\" data-element_type=\"column\" data-e-type=\"column\">\n\t\t\t<div class=\"elementor-widget-wrap elementor-element-populated\">\n\t\t\t\t\t\t<div class=\"elementor-element elementor-element-3149e1ea elementor-widget__width-inherit elementor-widget-mobile__width-initial elementor-widget-tablet__width-inherit elementor-widget elementor-widget-sectiontitle\" data-id=\"3149e1ea\" data-element_type=\"widget\" data-e-type=\"widget\" data-widget_type=\"sectiontitle.default\">\n\t\t\t\t<div class=\"elementor-widget-container\">\n\t\t\t\t\t\r\n\t\t\t\t<div class=\"\">\r\n\t\t\t<div class=\"section-title t_left\">\r\n\t\t\t\t<h5><\/h5>\r\n\t\t\t\t<div class=\"title\">\r\n\t\t\t\t    <h3><\/h3>\r\n\t\t\t\t    <h2><span>Leve a gest\u00e3o da sua empresa no bolso!<\/span><\/h2>\r\n\t\t\t\t<\/div>\r\n\t\t\t\t\t\t\t\r\n\t\t\t\t<div class=\"bar-main\">\r\n\t\t\t\t\t<div class=\"bar bar-big\"><\/div>\r\n\t\t\t\t<\/div>\r\n\t\t\t\t\t\t\t\t<p>Experimente o Mobi Gestor e descubra como \u00e9 f\u00e1cil gerenciar sua empresa de qualquer lugar.<\/p>\r\n\t\t\t<\/div>\t\r\n\t\t<\/div>\r\n\t\t\r\n\t\t\t\t\t<\/div>\n\t\t\t\t<\/div>\n\t\t\t\t<div class=\"elementor-element elementor-element-50d1f024 elementor-align-justify elementor-widget__width-initial elementor-widget-mobile__width-initial elementor-widget elementor-widget-button\" data-id=\"50d1f024\" data-element_type=\"widget\" data-e-type=\"widget\" data-widget_type=\"button.default\">\n\t\t\t\t<div class=\"elementor-widget-container\">\n\t\t\t\t\t\t\t\t\t<div class=\"elementor-button-wrapper\">\n\t\t\t\t\t<a class=\"elementor-button elementor-button-link elementor-size-sm\" href=\"https:\/\/dintec.com.br\/dintec\/contato\/\">\n\t\t\t\t\t\t<span class=\"elementor-button-content-wrapper\">\n\t\t\t\t\t\t\t\t\t<span class=\"elementor-button-text\">Saiba mais<\/span>\n\t\t\t\t\t<\/span>\n\t\t\t\t\t<\/a>\n\t\t\t\t<\/div>\n\t\t\t\t\t\t\t\t<\/div>\n\t\t\t\t<\/div>\n\t\t\t\t\t<\/div>\n\t\t<\/div>\n\t\t\t\t\t<\/div>\n\t\t<\/section>\n\t\t\t\t<\/div>\n\t\t","protected":false},"excerpt":{"rendered":"<p>https:\/\/dintec.com.br\/dintec\/wp-content\/uploads\/2025\/04\/MobiGestor.mp4 Mobi Gestor \u2013 Gerencie sua empresa de onde estiver Mobi Gestor \u2013 Gest\u00e3o na Palma da M\u00e3o Com o aplicativo Mobi Gestor, voc\u00ea acompanha suas vendas, estoque e financeiro em tempo real, direto do celular. Agilidade, controle e liberdade para o empres\u00e1rio moderno. https:\/\/dintec.com.br\/dintec\/wp-content\/uploads\/2025\/04\/MobiGestor.mp4 Saiba mais Tudo o que voc\u00ea precisa, sempre ao seu [&hellip;]<\/p>\n","protected":false},"author":1,"featured_media":0,"parent":0,"menu_order":0,"comment_status":"closed","ping_status":"closed","template":"","meta":{"_joinchat":[],"footnotes":""},"class_list":["post-17343","page","type-page","status-publish","hentry"],"_links":{"self":[{"href":"https:\/\/dintec.com.br\/dintec\/wp-json\/wp\/v2\/pages\/17343","targetHints":{"allow":["GET"]}}],"collection":[{"href":"https:\/\/dintec.com.br\/dintec\/wp-json\/wp\/v2\/pages"}],"about":[{"href":"https:\/\/dintec.com.br\/dintec\/wp-json\/wp\/v2\/types\/page"}],"author":[{"embeddable":true,"href":"https:\/\/dintec.com.br\/dintec\/wp-json\/wp\/v2\/users\/1"}],"replies":[{"embeddable":true,"href":"https:\/\/dintec.com.br\/dintec\/wp-json\/wp\/v2\/comments?post=17343"}],"version-history":[{"count":6,"href":"https:\/\/dintec.com.br\/dintec\/wp-json\/wp\/v2\/pages\/17343\/revisions"}],"predecessor-version":[{"id":17426,"href":"https:\/\/dintec.com.br\/dintec\/wp-json\/wp\/v2\/pages\/17343\/revisions\/17426"}],"wp:attachment":[{"href":"https:\/\/dintec.com.br\/dintec\/wp-json\/wp\/v2\/media?parent=17343"}],"curies":[{"name":"wp","href":"https:\/\/api.w.org\/{rel}","templated":true}]}}