{"id":16678,"date":"2023-11-22T15:20:58","date_gmt":"2023-11-22T18:20:58","guid":{"rendered":"https:\/\/dintec.com.br\/dintec\/?page_id=16678"},"modified":"2025-02-12T08:08:27","modified_gmt":"2025-02-12T11:08:27","slug":"trabalhe-conosco","status":"publish","type":"page","link":"https:\/\/dintec.com.br\/dintec\/trabalhe-conosco\/","title":{"rendered":"Trabalhe conosco"},"content":{"rendered":"\t\t<div data-elementor-type=\"wp-page\" data-elementor-id=\"16678\" class=\"elementor elementor-16678\">\n\t\t\t\t<div class=\"elementor-element elementor-element-ba45c09 e-flex e-con-boxed e-con e-parent\" data-id=\"ba45c09\" data-element_type=\"container\" data-e-type=\"container\" data-settings=\"{&quot;background_background&quot;:&quot;classic&quot;}\">\n\t\t\t\t\t<div class=\"e-con-inner\">\n\t\t\t\t<div class=\"elementor-element elementor-element-55e8ba0 elementor-widget elementor-widget-sectiontitle\" data-id=\"55e8ba0\" data-element_type=\"widget\" data-e-type=\"widget\" data-widget_type=\"sectiontitle.default\">\n\t\t\t\t<div class=\"elementor-widget-container\">\n\t\t\t\t\t\r\n\t\t\t\t<div class=\"\">\r\n\t\t\t<div class=\"section-title t_center\">\r\n\t\t\t\t<h5>\/\/ TRABALHE CONOSCO<\/h5>\r\n\t\t\t\t<div class=\"title\">\r\n\t\t\t\t    <h3>Venha fazer parte da nossa<\/h3>\r\n\t\t\t\t    <h2><span>EQUIPE<\/span><\/h2>\r\n\t\t\t\t<\/div>\r\n\t\t\t\t\t\t\t\r\n\t\t\t\t<div class=\"bar-main\">\r\n\t\t\t\t\t<div class=\"bar bar-big\"><\/div>\r\n\t\t\t\t<\/div>\r\n\t\t\t\t\t\t\t\t<p><\/p>\r\n\t\t\t<\/div>\t\r\n\t\t<\/div>\r\n\t\t\r\n\t\t\t\t\t<\/div>\n\t\t\t\t<\/div>\n\t\t\t\t\t<\/div>\n\t\t\t\t<\/div>\n\t\t<div class=\"elementor-element elementor-element-c6557cf e-flex e-con-boxed e-con e-parent\" data-id=\"c6557cf\" data-element_type=\"container\" data-e-type=\"container\" data-settings=\"{&quot;background_background&quot;:&quot;classic&quot;}\">\n\t\t\t\t\t<div class=\"e-con-inner\">\n\t\t\t\t<div class=\"elementor-element elementor-element-066f026 elementor-widget elementor-widget-html\" data-id=\"066f026\" data-element_type=\"widget\" data-e-type=\"widget\" data-widget_type=\"html.default\">\n\t\t\t\t<div class=\"elementor-widget-container\">\n\t\t\t\t\t<head>\r\n  <script async src=\"https:\/\/www.googletagmanager.com\/gtag\/js?id=UA-162688115-1\"><\/script>\r\n  <script src=\"https:\/\/www.google.com\/recaptcha\/api.js\" async defer><\/script>\r\n  <!-- <script src=\"https:\/\/dintec.com.br\/dintec\/Validacoes_Ajax\/contato\/js\/funcoes.js\"><\/script> -->\r\n  <script src=\"https:\/\/dintec.com.br\/dintec\/Validacoes_Ajax\/js\/js.js\"><\/script>\r\n  <script src=\"https:\/\/dintec.com.br\/dintec\/Validacoes_Ajax\/vendor\/jquery\/jquery.min.js\"><\/script>\r\n  <script src=\"https:\/\/dintec.com.br\/dintec\/Validacoes_Ajax\/vendor\/bootstrap\/js\/bootstrap.bundle.min.js\"><\/script>\r\n  <script src=\"https:\/\/dintec.com.br\/dintec\/Validacoes_Ajax\/vendor\/jquery-easing\/jquery.easing.min.js\"><\/script>\r\n  <script src=\"https:\/\/dintec.com.br\/dintec\/Validacoes_Ajax\/js\/line\/main.js\"><\/script>\r\n  <script src=\"https:\/\/dintec.com.br\/dintec\/Validacoes_Ajax\/js\/line\/jquery-2.1.4.js\"><\/script>\r\n  <script src=\"https:\/\/dintec.com.br\/dintec\/Validacoes_Ajax\/js\/line\/jquery.mobile.custom.min.js\"><\/script>\r\n  <script src=\"https:\/\/dintec.com.br\/dintec\/Validacoes_Ajax\/js\/line\/modernizr.js\"><\/script>\r\n\r\n\r\n<\/head>\r\n<section id=\"contact\">\r\n  <div class=\"container\">\r\n    <div class=\"row\">\r\n      <div class=\"col-lg-12 text-center\">\r\n        <h2 class=\"section-heading text-uppercase\">Enviar curr\u00edculo<\/h2>\r\n        <h3 class=\"section-subheading text-muted\">Envie seu curr\u00edculo e entraremos em contato!<\/h3>\r\n      <\/div>\r\n    <\/div>\r\n    <div class=\"row\">\r\n      <div class=\"col-lg-12\">\r\n        <form id=\"contactForm\" name=\"sentMessage\" novalidate=\"novalidate\">\r\n          <div class=\"row justify-content-center\">\r\n\r\n            <div class=\"col-md-6\">\r\n\r\n              <div class=\"form-group\">\r\n                <input class=\"form-control\" id=\"nome\" type=\"text\" placeholder=\"Nome *\" required=\"required\" data-validation-required-message=\"Por Favor informe seu nome...\">\r\n                <p class=\"help-block text-danger\"><\/p>\r\n              <\/div>\r\n              <div class=\"form-group\">\r\n                <input class=\"form-control\" id=\"cidade\" type=\"text\" placeholder=\"Cidade *\" required=\"required\" data-validation-required-message=\"Por Favor informe o nome da cidade...\">\r\n                <p class=\"help-block text-danger\"><\/p>\r\n              <\/div>\r\n              <div class=\"form-group\">\r\n                <input class=\"form-control\" id=\"email\" type=\"email\" placeholder=\"E-mail *\" required=\"required\" data-validation-required-message=\"Por favor informe seu e-mail...\">\r\n                <p class=\"help-block text-danger\"><\/p>\r\n              <\/div>\r\n              <div class=\"form-group\">\r\n                <input class=\"form-control\" id=\"telefone\" type=\"tel\" maxlength=\"15\" placeholder=\"Telefone\/Celular *\" required=\"required\" data-validation-required-message=\"Por favor informe seu telefone\/celular...\">\r\n                <p class=\"help-block text-danger\"><\/p>\r\n              <\/div>\r\n              <div class=\"form-group\">\r\n                <input class=\"form-control\" id=\"whatsapp\" type=\"tel\" maxlength=\"15\" placeholder=\"WhatsApp *\" required=\"required\" data-validation-required-message=\"Por favor informe seu WhatsApp...\">\r\n                <p class=\"help-block text-danger\"><\/p>\r\n              <\/div>\r\n              <div class=\"form-group\">\r\n                <label for=\"pdfFile\" class=\"form-label\">Anexar curr\u00edculo:<\/label>\r\n                <input type=\"file\" class=\"form-control\" id=\"pdf_curriculo\" name=\"pdf_curriculo\" accept=\"application\/pdf\">\r\n              <\/div>\r\n\r\n            <\/form>\r\n\r\n\r\n            <script type=\"text\/javascript\">\r\n            $(document).ready(function() {\r\n\r\n              $('#whatsapp, #telefone').on('input', function() {\r\n                var phoneNumber = $(this).val();\r\n                var formattedNumber = formatPhoneNumber(phoneNumber);\r\n                $(this).val(formattedNumber);\r\n              });\r\n            });\r\n\r\n            function formatPhoneNumber(phoneNumber) {\r\n              \/\/ Remover todos os caracteres n\u00e3o num\u00e9ricos do n\u00famero de telefone\r\n              phoneNumber = phoneNumber.replace(\/\\D\/g, '');\r\n\r\n              \/\/ Formatar o n\u00famero de telefone\r\n              var formattedNumber = phoneNumber;\r\n              if (phoneNumber.length === 10) {\r\n                formattedNumber = phoneNumber.replace(\/(\\d{2})(\\d{4})(\\d{4})\/, '($1) $2-$3');\r\n              } else if (phoneNumber.length === 11) {\r\n                formattedNumber = phoneNumber.replace(\/(\\d{2})(\\d{1})(\\d{4})(\\d{4})\/, '($1) $2 $3-$4');\r\n              }\r\n\r\n              return formattedNumber;\r\n            }\r\n            <\/script>\r\n\r\n            <div class=\"form-group\">\r\n              <textarea class=\"form-control\" id=\"mensagem\" placeholder=\"Mensagem *\" required=\"required\" data-validation-required-message=\"Por favor insira sua mensagem aqui...\"><\/textarea>\r\n              <p class=\"help-block text-danger\"><\/p>\r\n            <\/div>\r\n            <div class=\"g-recaptcha\" data-sitekey=\"6LeqVJsoAAAAAJR893Wiony3A1aX54NjfSB29uXK\"><\/div><br><br>\r\n            <button style=\"width: 100%;\" onclick=\"enviarFormulario()\" class=\"btn btn-primary btn-xl text-uppercase\" type=\"button\">Enviar curr\u00edculo<\/button>\r\n          <\/div>\r\n        <\/div>\r\n      <\/div>\r\n    <\/div>\r\n  <\/div>\r\n<\/section>\r\n<script>\r\nfunction CadastraCurriculo(){\r\n  var nome = $('#nome').val().trim();\r\n  nome = nome.toLowerCase();\r\n  var cidade = $('#cidade').val().trim();\r\n  cidade = cidade.toLowerCase();\r\n  var email = $('#email').val().trim();\r\n  email = email.toLowerCase();\r\n  var telefone = $('#telefone').val().trim();\r\n  var whatsapp = $('#whatsapp').val().trim();\r\n  whatsapp = whatsapp.replace(\/[^0-9]\/g, '');\r\n  var mensagem = $('#mensagem').val().trim();\r\n  mensagem = mensagem.toLowerCase();\r\n  var pdf_curriculo = $('#pdf_curriculo')[0].files[0];\r\n\r\n  var response = grecaptcha.getResponse(); \/\/ Obt\u00e9m a resposta do reCAPTCHA\r\n\r\n  if (response.length === 0) {\r\n    alert('Por favor, marque o reCAPTCHA para continuar.');\r\n  } else {\r\n    if((nome.length == 0) || (cidade.length == 0) || (email.length == 0) || (telefone.length == 0) || (whatsapp.length == 0)){\r\n      alert('Por favor. Preencha todos os campos.')\r\n    }else {\r\n      $('#formulario').css('display', 'none');\r\n      var formData = new FormData(); \/\/ Cria um objeto FormData\r\n      formData.append('nome', nome);\r\n      formData.append('cidade', cidade);\r\n      formData.append('email', email);\r\n      formData.append('telefone', telefone);\r\n      formData.append('whatsapp', whatsapp);\r\n      formData.append('pdf_curriculo', pdf_curriculo);\r\n      formData.append('mensagem', mensagem);\r\n      $.ajax({\r\n        type: 'POST',\r\n        data: formData, \/\/ Use o objeto FormData como dados\r\n        processData: false, \/\/ Impede o jQuery de processar os dados (necess\u00e1rio ao enviar arquivos)\r\n        contentType: false, \/\/ Impede o jQuery de definir o tipo de conte\u00fado (necess\u00e1rio ao enviar arquivos)\r\n        url: 'https:\/\/dintec.com.br\/dintec\/oportunidade\/upload_pdf.php',\r\n        success: function (data) {\r\n            \r\n         if (data == 'vazio'){\r\n             alert('Preencha todos os campos!');\r\n         }else{\r\n          alert('Enviado com sucesso!');\r\n          $('#nome').val('');\r\n          $('#cidade').val('');\r\n          $('#email').val('');\r\n          $('#telefone').val('');\r\n          $('#whatsapp').val('');\r\n          $('#pdf_curriculo').val('');\r\n          $('#mensagem').val('');  \r\n         }\r\n\r\n        }\r\n      });\r\n    }\r\n  }\r\n}\r\n\r\n\/\/reCAPTCHA\r\nfunction enviarFormulario() {\r\n  \r\n  var nome = $('#nome').val();\r\n  var email = $('#email').val();\r\n  var recaptchaResponse = grecaptcha.getResponse();\r\n\r\n  $.ajax({\r\n    type: 'POST',\r\n    url: 'https:\/\/dintec.com.br\/dintec\/oportunidade\/recaptcha.php',\r\n    data: {\r\n      nome: nome,\r\n      email: email,\r\n      recaptchaResponse: recaptchaResponse\r\n    },\r\n    success: function(data) {\r\n      \/\/ alert(data); \/\/ Exibe a resposta do recaptcha.php\r\n\r\n      CadastraCurriculo();\r\n\r\n      grecaptcha.reset();\r\n    },\r\n    error: function(error) {\r\n      alert('Erro ao enviar o formul\u00e1rio. Por favor, tente novamente.');\r\n    }\r\n  });\r\n}\r\n<\/script>\r\n\r\n<!-- <script src=\"https:\/\/dintec.com.br\/dintec\/Validacoes_Ajax\/contato\/js\/funcoes.js\"><\/script> -->\r\n<script src=\"https:\/\/dintec.com.br\/dintec\/Validacoes_Ajax\/js\/js.js\"><\/script>\r\n<script src=\"https:\/\/dintec.com.br\/dintec\/Validacoes_Ajax\/vendor\/jquery\/jquery.min.js\"><\/script>\r\n<script src=\"https:\/\/dintec.com.br\/dintec\/Validacoes_Ajax\/vendor\/bootstrap\/js\/bootstrap.bundle.min.js\"><\/script>\r\n<script src=\"https:\/\/dintec.com.br\/dintec\/Validacoes_Ajax\/vendor\/jquery-easing\/jquery.easing.min.js\"><\/script>\r\n<script src=\"https:\/\/dintec.com.br\/dintec\/Validacoes_Ajax\/js\/line\/main.js\"><\/script>\r\n<script src=\"https:\/\/dintec.com.br\/dintec\/Validacoes_Ajax\/js\/line\/jquery-2.1.4.js\"><\/script>\r\n<script src=\"https:\/\/dintec.com.br\/dintec\/Validacoes_Ajax\/js\/line\/jquery.mobile.custom.min.js\"><\/script>\r\n\t\t\t\t<\/div>\n\t\t\t\t<\/div>\n\t\t\t\t\t<\/div>\n\t\t\t\t<\/div>\n\t\t\t\t<\/div>\n\t\t","protected":false},"excerpt":{"rendered":"<p>\/\/ TRABALHE CONOSCO Venha fazer parte da nossa EQUIPE Enviar curr\u00edculo Envie seu curr\u00edculo e entraremos em contato! Anexar curr\u00edculo: Enviar curr\u00edculo<\/p>\n","protected":false},"author":1,"featured_media":0,"parent":0,"menu_order":0,"comment_status":"closed","ping_status":"closed","template":"elementor_header_footer","meta":{"_joinchat":[],"footnotes":""},"class_list":["post-16678","page","type-page","status-publish","hentry"],"_links":{"self":[{"href":"https:\/\/dintec.com.br\/dintec\/wp-json\/wp\/v2\/pages\/16678","targetHints":{"allow":["GET"]}}],"collection":[{"href":"https:\/\/dintec.com.br\/dintec\/wp-json\/wp\/v2\/pages"}],"about":[{"href":"https:\/\/dintec.com.br\/dintec\/wp-json\/wp\/v2\/types\/page"}],"author":[{"embeddable":true,"href":"https:\/\/dintec.com.br\/dintec\/wp-json\/wp\/v2\/users\/1"}],"replies":[{"embeddable":true,"href":"https:\/\/dintec.com.br\/dintec\/wp-json\/wp\/v2\/comments?post=16678"}],"version-history":[{"count":41,"href":"https:\/\/dintec.com.br\/dintec\/wp-json\/wp\/v2\/pages\/16678\/revisions"}],"predecessor-version":[{"id":16958,"href":"https:\/\/dintec.com.br\/dintec\/wp-json\/wp\/v2\/pages\/16678\/revisions\/16958"}],"wp:attachment":[{"href":"https:\/\/dintec.com.br\/dintec\/wp-json\/wp\/v2\/media?parent=16678"}],"curies":[{"name":"wp","href":"https:\/\/api.w.org\/{rel}","templated":true}]}}