{"id":1087,"date":"2020-10-12T05:17:15","date_gmt":"2020-10-12T05:17:15","guid":{"rendered":"https:\/\/wp.ditsolution.net\/itsoft\/?page_id=1087"},"modified":"2024-02-27T14:14:33","modified_gmt":"2024-02-27T17:14:33","slug":"contato","status":"publish","type":"page","link":"https:\/\/dintec.com.br\/dintec\/contato\/","title":{"rendered":"Contato"},"content":{"rendered":"\t\t<div data-elementor-type=\"wp-page\" data-elementor-id=\"1087\" class=\"elementor elementor-1087\">\n\t\t\t\t\t\t<section class=\"elementor-section elementor-top-section elementor-element elementor-element-e065e8f elementor-section-boxed elementor-section-height-default elementor-section-height-default\" data-id=\"e065e8f\" data-element_type=\"section\" data-e-type=\"section\" data-settings=\"{&quot;background_background&quot;:&quot;classic&quot;}\">\n\t\t\t\t\t\t<div class=\"elementor-container elementor-column-gap-default\">\n\t\t\t\t\t<div class=\"elementor-column elementor-col-100 elementor-top-column elementor-element elementor-element-a04e899\" data-id=\"a04e899\" data-element_type=\"column\" data-e-type=\"column\">\n\t\t\t<div class=\"elementor-widget-wrap elementor-element-populated\">\n\t\t\t\t\t\t<section class=\"elementor-section elementor-inner-section elementor-element elementor-element-1692f8a elementor-section-boxed elementor-section-height-default elementor-section-height-default\" data-id=\"1692f8a\" data-element_type=\"section\" data-e-type=\"section\">\n\t\t\t\t\t\t<div class=\"elementor-container elementor-column-gap-default\">\n\t\t\t\t\t<div class=\"elementor-column elementor-col-50 elementor-inner-column elementor-element elementor-element-429a5e1\" data-id=\"429a5e1\" data-element_type=\"column\" data-e-type=\"column\">\n\t\t\t<div class=\"elementor-widget-wrap elementor-element-populated\">\n\t\t\t\t\t\t<div class=\"elementor-element elementor-element-815a9d3 elementor-widget elementor-widget-sectiontitle\" data-id=\"815a9d3\" data-element_type=\"widget\" data-e-type=\"widget\" data-widget_type=\"sectiontitle.default\">\n\t\t\t\t<div class=\"elementor-widget-container\">\n\t\t\t\t\t\r\n\t\t\t\t<div class=\"\">\r\n\t\t\t<div class=\"section-title t_left\">\r\n\t\t\t\t<h5>\\\\ Dados para contato<\/h5>\r\n\t\t\t\t<div class=\"title\">\r\n\t\t\t\t    <h3>Contato<\/h3>\r\n\t\t\t\t    <h2><span><\/span><\/h2>\r\n\t\t\t\t<\/div>\r\n\t\t\t\t\t\t\t\r\n\t\t\t\t<div class=\"bar-main\">\r\n\t\t\t\t\t<div class=\"bar bar-big\"><\/div>\r\n\t\t\t\t<\/div>\r\n\t\t\t\t\t\t\t\t<p>Entre em contato conosco atrav\u00e9s das informa\u00e7\u00f5es a baixo ou preencha os dados no formul\u00e1rio e entraremos em contato o mais r\u00e1pido poss\u00edvel.<\/p>\r\n\t\t\t<\/div>\t\r\n\t\t<\/div>\r\n\t\t\r\n\t\t\t\t\t<\/div>\n\t\t\t\t<\/div>\n\t\t\t\t<div class=\"elementor-element elementor-element-7c0fa14 elementor-position-inline-start elementor-view-default elementor-mobile-position-block-start elementor-widget elementor-widget-icon-box\" data-id=\"7c0fa14\" data-element_type=\"widget\" data-e-type=\"widget\" data-widget_type=\"icon-box.default\">\n\t\t\t\t<div class=\"elementor-widget-container\">\n\t\t\t\t\t\t\t<div class=\"elementor-icon-box-wrapper\">\n\n\t\t\t\t\t\t<div class=\"elementor-icon-box-icon\">\n\t\t\t\t<span  class=\"elementor-icon\">\n\t\t\t\t<svg aria-hidden=\"true\" class=\"e-font-icon-svg e-fas-globe-africa\" viewBox=\"0 0 496 512\" xmlns=\"http:\/\/www.w3.org\/2000\/svg\"><path d=\"M248 8C111.03 8 0 119.03 0 256s111.03 248 248 248 248-111.03 248-248S384.97 8 248 8zm160 215.5v6.93c0 5.87-3.32 11.24-8.57 13.86l-15.39 7.7a15.485 15.485 0 0 1-15.53-.97l-18.21-12.14a15.52 15.52 0 0 0-13.5-1.81l-2.65.88c-9.7 3.23-13.66 14.79-7.99 23.3l13.24 19.86c2.87 4.31 7.71 6.9 12.89 6.9h8.21c8.56 0 15.5 6.94 15.5 15.5v11.34c0 3.35-1.09 6.62-3.1 9.3l-18.74 24.98c-1.42 1.9-2.39 4.1-2.83 6.43l-4.3 22.83c-.62 3.29-2.29 6.29-4.76 8.56a159.608 159.608 0 0 0-25 29.16l-13.03 19.55a27.756 27.756 0 0 1-23.09 12.36c-10.51 0-20.12-5.94-24.82-15.34a78.902 78.902 0 0 1-8.33-35.29V367.5c0-8.56-6.94-15.5-15.5-15.5h-25.88c-14.49 0-28.38-5.76-38.63-16a54.659 54.659 0 0 1-16-38.63v-14.06c0-17.19 8.1-33.38 21.85-43.7l27.58-20.69a54.663 54.663 0 0 1 32.78-10.93h.89c8.48 0 16.85 1.97 24.43 5.77l14.72 7.36c3.68 1.84 7.93 2.14 11.83.84l47.31-15.77c6.33-2.11 10.6-8.03 10.6-14.7 0-8.56-6.94-15.5-15.5-15.5h-10.09c-4.11 0-8.05-1.63-10.96-4.54l-6.92-6.92a15.493 15.493 0 0 0-10.96-4.54H199.5c-8.56 0-15.5-6.94-15.5-15.5v-4.4c0-7.11 4.84-13.31 11.74-15.04l14.45-3.61c3.74-.94 7-3.23 9.14-6.44l8.08-12.11c2.87-4.31 7.71-6.9 12.89-6.9h24.21c8.56 0 15.5-6.94 15.5-15.5v-21.7C359.23 71.63 422.86 131.02 441.93 208H423.5c-8.56 0-15.5 6.94-15.5 15.5z\"><\/path><\/svg>\t\t\t\t<\/span>\n\t\t\t<\/div>\n\t\t\t\n\t\t\t\t\t\t<div class=\"elementor-icon-box-content\">\n\n\t\t\t\t\t\t\t\t\t<h3 class=\"elementor-icon-box-title\">\n\t\t\t\t\t\t<span  >\n\t\t\t\t\t\t\tNosso endere\u00e7o\t\t\t\t\t\t<\/span>\n\t\t\t\t\t<\/h3>\n\t\t\t\t\n\t\t\t\t\t\t\t\t\t<p class=\"elementor-icon-box-description\">\n\t\t\t\t\t\tAv. S\u00e3o Paulo, 795, Bairro: Itapaj\u00e9\t\t\t\t\t<\/p>\n\t\t\t\t\n\t\t\t<\/div>\n\t\t\t\n\t\t<\/div>\n\t\t\t\t\t\t<\/div>\n\t\t\t\t<\/div>\n\t\t\t\t<div class=\"elementor-element elementor-element-709c2ec elementor-position-inline-start elementor-view-default elementor-mobile-position-block-start elementor-widget elementor-widget-icon-box\" data-id=\"709c2ec\" data-element_type=\"widget\" data-e-type=\"widget\" data-widget_type=\"icon-box.default\">\n\t\t\t\t<div class=\"elementor-widget-container\">\n\t\t\t\t\t\t\t<div class=\"elementor-icon-box-wrapper\">\n\n\t\t\t\t\t\t<div class=\"elementor-icon-box-icon\">\n\t\t\t\t<span  class=\"elementor-icon\">\n\t\t\t\t<svg aria-hidden=\"true\" class=\"e-font-icon-svg e-far-envelope\" viewBox=\"0 0 512 512\" xmlns=\"http:\/\/www.w3.org\/2000\/svg\"><path d=\"M464 64H48C21.49 64 0 85.49 0 112v288c0 26.51 21.49 48 48 48h416c26.51 0 48-21.49 48-48V112c0-26.51-21.49-48-48-48zm0 48v40.805c-22.422 18.259-58.168 46.651-134.587 106.49-16.841 13.247-50.201 45.072-73.413 44.701-23.208.375-56.579-31.459-73.413-44.701C106.18 199.465 70.425 171.067 48 152.805V112h416zM48 400V214.398c22.914 18.251 55.409 43.862 104.938 82.646 21.857 17.205 60.134 55.186 103.062 54.955 42.717.231 80.509-37.199 103.053-54.947 49.528-38.783 82.032-64.401 104.947-82.653V400H48z\"><\/path><\/svg>\t\t\t\t<\/span>\n\t\t\t<\/div>\n\t\t\t\n\t\t\t\t\t\t<div class=\"elementor-icon-box-content\">\n\n\t\t\t\t\t\t\t\t\t<h3 class=\"elementor-icon-box-title\">\n\t\t\t\t\t\t<span  >\n\t\t\t\t\t\t\tE-mail\t\t\t\t\t\t<\/span>\n\t\t\t\t\t<\/h3>\n\t\t\t\t\n\t\t\t\t\t\t\t\t\t<p class=\"elementor-icon-box-description\">\n\t\t\t\t\t\tgerencia@dintec.com.br\t\t\t\t\t<\/p>\n\t\t\t\t\n\t\t\t<\/div>\n\t\t\t\n\t\t<\/div>\n\t\t\t\t\t\t<\/div>\n\t\t\t\t<\/div>\n\t\t\t\t<div class=\"elementor-element elementor-element-5c833b4 elementor-position-inline-start elementor-view-default elementor-mobile-position-block-start elementor-widget elementor-widget-icon-box\" data-id=\"5c833b4\" data-element_type=\"widget\" data-e-type=\"widget\" data-widget_type=\"icon-box.default\">\n\t\t\t\t<div class=\"elementor-widget-container\">\n\t\t\t\t\t\t\t<div class=\"elementor-icon-box-wrapper\">\n\n\t\t\t\t\t\t<div class=\"elementor-icon-box-icon\">\n\t\t\t\t<span  class=\"elementor-icon\">\n\t\t\t\t<svg aria-hidden=\"true\" class=\"e-font-icon-svg e-fas-phone-volume\" viewBox=\"0 0 384 512\" xmlns=\"http:\/\/www.w3.org\/2000\/svg\"><path d=\"M97.333 506.966c-129.874-129.874-129.681-340.252 0-469.933 5.698-5.698 14.527-6.632 21.263-2.422l64.817 40.513a17.187 17.187 0 0 1 6.849 20.958l-32.408 81.021a17.188 17.188 0 0 1-17.669 10.719l-55.81-5.58c-21.051 58.261-20.612 122.471 0 179.515l55.811-5.581a17.188 17.188 0 0 1 17.669 10.719l32.408 81.022a17.188 17.188 0 0 1-6.849 20.958l-64.817 40.513a17.19 17.19 0 0 1-21.264-2.422zM247.126 95.473c11.832 20.047 11.832 45.008 0 65.055-3.95 6.693-13.108 7.959-18.718 2.581l-5.975-5.726c-3.911-3.748-4.793-9.622-2.261-14.41a32.063 32.063 0 0 0 0-29.945c-2.533-4.788-1.65-10.662 2.261-14.41l5.975-5.726c5.61-5.378 14.768-4.112 18.718 2.581zm91.787-91.187c60.14 71.604 60.092 175.882 0 247.428-4.474 5.327-12.53 5.746-17.552.933l-5.798-5.557c-4.56-4.371-4.977-11.529-.93-16.379 49.687-59.538 49.646-145.933 0-205.422-4.047-4.85-3.631-12.008.93-16.379l5.798-5.557c5.022-4.813 13.078-4.394 17.552.933zm-45.972 44.941c36.05 46.322 36.108 111.149 0 157.546-4.39 5.641-12.697 6.251-17.856 1.304l-5.818-5.579c-4.4-4.219-4.998-11.095-1.285-15.931 26.536-34.564 26.534-82.572 0-117.134-3.713-4.836-3.115-11.711 1.285-15.931l5.818-5.579c5.159-4.947 13.466-4.337 17.856 1.304z\"><\/path><\/svg>\t\t\t\t<\/span>\n\t\t\t<\/div>\n\t\t\t\n\t\t\t\t\t\t<div class=\"elementor-icon-box-content\">\n\n\t\t\t\t\t\t\t\t\t<h3 class=\"elementor-icon-box-title\">\n\t\t\t\t\t\t<span  >\n\t\t\t\t\t\t\tTelefone\t\t\t\t\t\t<\/span>\n\t\t\t\t\t<\/h3>\n\t\t\t\t\n\t\t\t\t\t\t\t\t\t<p class=\"elementor-icon-box-description\">\n\t\t\t\t\t\t(55) 3744-8168\t\t\t\t\t<\/p>\n\t\t\t\t\n\t\t\t<\/div>\n\t\t\t\n\t\t<\/div>\n\t\t\t\t\t\t<\/div>\n\t\t\t\t<\/div>\n\t\t\t\t\t<\/div>\n\t\t<\/div>\n\t\t\t\t<div class=\"elementor-column elementor-col-50 elementor-inner-column elementor-element elementor-element-5c4e81d\" data-id=\"5c4e81d\" data-element_type=\"column\" data-e-type=\"column\" data-settings=\"{&quot;background_background&quot;:&quot;classic&quot;}\">\n\t\t\t<div class=\"elementor-widget-wrap elementor-element-populated\">\n\t\t\t\t\t\t<div class=\"elementor-element elementor-element-269c0a1 elementor-widget elementor-widget-html\" data-id=\"269c0a1\" data-element_type=\"widget\" data-e-type=\"widget\" data-widget_type=\"html.default\">\n\t\t\t\t<div class=\"elementor-widget-container\">\n\t\t\t\t\t<head>\r\n  <script async src=\"https:\/\/www.googletagmanager.com\/gtag\/js?id=UA-162688115-1\"><\/script>\r\n  <script src=\"https:\/\/www.google.com\/recaptcha\/api.js\" async defer><\/script>\r\n  <script src=\"https:\/\/dintec.com.br\/dintec\/Validacoes_Ajax\/contato\/js\/funcoes.js\"><\/script>\r\n  <script src=\"https:\/\/dintec.com.br\/dintec\/Validacoes_Ajax\/js\/js.js\"><\/script>\r\n  <script src=\"https:\/\/dintec.com.br\/dintec\/Validacoes_Ajax\/vendor\/jquery\/jquery.min.js\"><\/script>\r\n  <script src=\"https:\/\/dintec.com.br\/dintec\/Validacoes_Ajax\/vendor\/bootstrap\/js\/bootstrap.bundle.min.js\"><\/script>\r\n  <script src=\"https:\/\/dintec.com.br\/dintec\/Validacoes_Ajax\/vendor\/jquery-easing\/jquery.easing.min.js\"><\/script>\r\n  <script src=\"https:\/\/dintec.com.br\/dintec\/Validacoes_Ajax\/js\/line\/main.js\"><\/script>\r\n  <script src=\"https:\/\/dintec.com.br\/dintec\/Validacoes_Ajax\/js\/line\/jquery-2.1.4.js\"><\/script>\r\n  <script src=\"https:\/\/dintec.com.br\/dintec\/Validacoes_Ajax\/js\/line\/jquery.mobile.custom.min.js\"><\/script>\r\n  <script src=\"https:\/\/dintec.com.br\/dintec\/Validacoes_Ajax\/js\/line\/modernizr.js\"><\/script>\r\n  \r\n  \r\n<\/head>\r\n<section id=\"contact\">\r\n  <div class=\"container\">\r\n    <div class=\"row\">\r\n      <div class=\"col text-center\">\r\n        <h2 class=\"section-heading text-uppercase\">Contato Dintec Sistemas<\/h2>\r\n        <h3 class=\"section-subheading text-muted\">Preencha o form\u00falario<\/h3>\r\n      <\/div>\r\n    <\/div>\r\n    <div class=\"row\">\r\n      <div class=\"col\">\r\n        <form id=\"contactForm\" name=\"sentMessage\" novalidate=\"novalidate\">\r\n          <div class=\"row\">\r\n            <div class=\"col-md\">\r\n              \r\n              <div class=\"form-check form-check-inline\" style=\"margin-bottom: 10px; color: white;\">\r\n                <input class=\"form-check-input\" type=\"checkbox\" id=\"chcomercial\" value=\"comercial\" \/>\r\n                <label class=\"form-check-label\" for=\"chcomercial\">Comercial<\/label>\r\n              <\/div>\r\n              \r\n              <div class=\"form-check form-check-inline\" style=\"color: white;\">\r\n                <input class=\"form-check-input\" type=\"checkbox\" id=\"chsuporte\" value=\"suporte\" \/>\r\n                <label class=\"form-check-label\" for=\"chsuporte\">Suporte<\/label>\r\n              <\/div>\r\n              <script>\r\n              $(document).ready(function() {\r\n                $(\"#chsuporte\").change(function() {\r\n                  if ($(this).is(\":checked\")) {\r\n                    $(\"#chcomercial\").prop(\"checked\", false);\r\n                  }\r\n                });\r\n\r\n                $(\"#chcomercial\").change(function() {\r\n                  if ($(this).is(\":checked\")) {\r\n                    $(\"#chsuporte\").prop(\"checked\", false);\r\n                  }\r\n                });\r\n              });\r\n              <\/script>\r\n\r\n              <div class=\"form-group\">\r\n                <input class=\"form-control\" id=\"nome\" type=\"text\" placeholder=\"Nome *\" required=\"required\" data-validation-required-message=\"Por Favor informe seu nome...\">\r\n                <p class=\"help-block text-danger\"><\/p>\r\n              <\/div>\r\n              <div class=\"form-group\">\r\n                <input class=\"form-control\" id=\"nome_empresa\" type=\"text\" placeholder=\"Empresa *\" required=\"required\" data-validation-required-message=\"Por Favor informe o nome da empresa...\">\r\n                <p class=\"help-block text-danger\"><\/p>\r\n              <\/div>\r\n              <div class=\"form-group\">\r\n                <input class=\"form-control\" id=\"cnpj_empresa\" type=\"text\" placeholder=\"CNPJ *\" required=\"required\" data-validation-required-message=\"Por Favor informe o cnpj da empresa...\">\r\n                <p class=\"help-block text-danger\"><\/p>\r\n              <\/div>\r\n              <div class=\"form-group\">\r\n                <input class=\"form-control\" id=\"cidade\" type=\"text\" placeholder=\"Cidade *\" required=\"required\" data-validation-required-message=\"Por Favor informe o nome da cidade...\">\r\n                <p class=\"help-block text-danger\"><\/p>\r\n              <\/div>\r\n              <div class=\"form-group\">\r\n                <input class=\"form-control\" id=\"email\" type=\"email\" placeholder=\"E-mail *\" required=\"required\" data-validation-required-message=\"Por favor informe seu e-mail...\">\r\n                <p class=\"help-block text-danger\"><\/p>\r\n              <\/div>\r\n              <div class=\"form-group\">\r\n                <input class=\"form-control\" id=\"telefone\" type=\"tel\" maxlength=\"15\" placeholder=\"Telefone\/Celular *\" required=\"required\" data-validation-required-message=\"Por favor informe seu telefone\/celular...\">\r\n                <p class=\"help-block text-danger\"><\/p>\r\n              <\/div>\r\n              <div class=\"form-group\">\r\n                <input class=\"form-control\" id=\"whatsapp\" type=\"tel\" maxlength=\"15\" placeholder=\"WhatsApp *\" required=\"required\" data-validation-required-message=\"Por favor informe seu WhatsApp...\">\r\n                <p class=\"help-block text-danger\"><\/p>\r\n              <\/div>\r\n              <div class=\"form-group\">\r\n                <input class=\"form-control\" id=\"comochegou\" type=\"text\" placeholder=\"Como conheceu *\" required=\"required\" data-validation-required-message=\"Como voc\u00ea conheceu a Dintec?\">\r\n                <p class=\"help-block text-danger\"><\/p>\r\n              <\/div>\r\n\r\n              <script type=\"text\/javascript\">\r\n              $(document).ready(function() {\r\n\r\n                $(\"#cnpj_empresa\").on(\"input\", function() {\r\n                  let cnpjCpf = $(this).val();\r\n                  cnpjCpf = cnpjCpf.replace(\/\\D\/g, '');\r\n\r\n                  \/\/ Limita a quantidade de caracteres a 14\r\n                  cnpjCpf = cnpjCpf.substring(0, 14);\r\n                  \r\n                  if (cnpjCpf.length > 11) {\r\n                    $(this).val(cnpjCpf.replace(\/(\\d{2})(\\d{3})(\\d{3})(\\d{4})(\\d{2})\/g, \"$1.$2.$3\/$4-$5\"));\r\n                  } else if (cnpjCpf.length === 11) {\r\n                    $(this).val(cnpjCpf.replace(\/(\\d{3})(\\d{3})(\\d{3})(\\d{2})\/g, \"$1.$2.$3-$4\"));\r\n                  }\r\n                });\r\n\r\n                $('#whatsapp, #telefone').on('input', function() {\r\n                  var phoneNumber = $(this).val();\r\n                  var formattedNumber = formatPhoneNumber(phoneNumber);\r\n                  $(this).val(formattedNumber);\r\n                });\r\n              });\r\n\r\n              function formatPhoneNumber(phoneNumber) {\r\n                \/\/ Remover todos os caracteres n\u00e3o num\u00e9ricos do n\u00famero de telefone\r\n                phoneNumber = phoneNumber.replace(\/\\D\/g, '');\r\n\r\n                \/\/ Formatar o n\u00famero de telefone\r\n                var formattedNumber = phoneNumber;\r\n                if (phoneNumber.length === 10) {\r\n                  formattedNumber = phoneNumber.replace(\/(\\d{2})(\\d{4})(\\d{4})\/, '($1) $2-$3');\r\n                } else if (phoneNumber.length === 11) {\r\n                  formattedNumber = phoneNumber.replace(\/(\\d{2})(\\d{1})(\\d{4})(\\d{4})\/, '($1) $2 $3-$4');\r\n                }\r\n\r\n                return formattedNumber;\r\n              }\r\n              <\/script>\r\n              \r\n              <div class=\"form-group\">\r\n                <textarea class=\"form-control\" id=\"mensagem\" placeholder=\"Mensagem *\" required=\"required\" data-validation-required-message=\"Por favor insira sua mensagem aqui...\"><\/textarea>\r\n                <p class=\"help-block text-danger\"><\/p>\r\n              <\/div>\r\n              <div class=\"g-recaptcha\" data-sitekey=\"6LeqVJsoAAAAAJR893Wiony3A1aX54NjfSB29uXK\"><\/div><br><br>\r\n              <button onclick=\"enviarFormulario()\" class=\"btn btn-primary btn-xl text-uppercase\" type=\"button\">Enviar Mensagem<\/button>\r\n            <\/div>\r\n          <\/div>\r\n        <\/form>\r\n      <\/div>\r\n    <\/div>\r\n  <\/div>\r\n<\/section>\r\n\r\n<script src=\"https:\/\/dintec.com.br\/dintec\/Validacoes_Ajax\/contato\/js\/funcoes.js\"><\/script>\r\n<script src=\"https:\/\/dintec.com.br\/dintec\/Validacoes_Ajax\/js\/js.js\"><\/script>\r\n<script src=\"https:\/\/dintec.com.br\/dintec\/Validacoes_Ajax\/vendor\/jquery\/jquery.min.js\"><\/script>\r\n<script src=\"https:\/\/dintec.com.br\/dintec\/Validacoes_Ajax\/vendor\/bootstrap\/js\/bootstrap.bundle.min.js\"><\/script>\r\n<script src=\"https:\/\/dintec.com.br\/dintec\/Validacoes_Ajax\/vendor\/jquery-easing\/jquery.easing.min.js\"><\/script>\r\n<script src=\"https:\/\/dintec.com.br\/dintec\/Validacoes_Ajax\/js\/line\/main.js\"><\/script>\r\n<script src=\"https:\/\/dintec.com.br\/dintec\/Validacoes_Ajax\/js\/line\/jquery-2.1.4.js\"><\/script>\r\n<script src=\"https:\/\/dintec.com.br\/dintec\/Validacoes_Ajax\/js\/line\/jquery.mobile.custom.min.js\"><\/script>\r\n\t\t\t\t<\/div>\n\t\t\t\t<\/div>\n\t\t\t\t\t<\/div>\n\t\t<\/div>\n\t\t\t\t\t<\/div>\n\t\t<\/section>\n\t\t\t\t\t<\/div>\n\t\t<\/div>\n\t\t\t\t\t<\/div>\n\t\t<\/section>\n\t\t\t\t<section class=\"elementor-section elementor-top-section elementor-element elementor-element-7e3a04e elementor-section-full_width elementor-section-height-default elementor-section-height-default\" data-id=\"7e3a04e\" data-element_type=\"section\" data-e-type=\"section\">\n\t\t\t\t\t\t<div class=\"elementor-container elementor-column-gap-default\">\n\t\t\t\t\t<div class=\"elementor-column elementor-col-100 elementor-top-column elementor-element elementor-element-6233d73\" data-id=\"6233d73\" data-element_type=\"column\" data-e-type=\"column\">\n\t\t\t<div class=\"elementor-widget-wrap elementor-element-populated\">\n\t\t\t\t\t\t<div class=\"elementor-element elementor-element-bfe70b4 elementor-widget elementor-widget-google_maps\" data-id=\"bfe70b4\" data-element_type=\"widget\" data-e-type=\"widget\" data-widget_type=\"google_maps.default\">\n\t\t\t\t<div class=\"elementor-widget-container\">\n\t\t\t\t\t\t\t<div class=\"elementor-custom-embed\">\n\t\t\t<iframe loading=\"lazy\"\n\t\t\t\t\tsrc=\"https:\/\/maps.google.com\/maps?q=Av.%20S%C3%A3o%20Paulo%2C%20795%20-%20Itapaj%C3%A9%2C%20Frederico%20Westphalen%20-%20RS%2C%2098400-000&#038;t=m&#038;z=10&#038;output=embed&#038;iwloc=near\"\n\t\t\t\t\ttitle=\"Av. S\u00e3o Paulo, 795 - Itapaj\u00e9, Frederico Westphalen - RS, 98400-000\"\n\t\t\t\t\taria-label=\"Av. S\u00e3o Paulo, 795 - Itapaj\u00e9, Frederico Westphalen - RS, 98400-000\"\n\t\t\t><\/iframe>\n\t\t<\/div>\n\t\t\t\t\t\t<\/div>\n\t\t\t\t<\/div>\n\t\t\t\t\t<\/div>\n\t\t<\/div>\n\t\t\t\t\t<\/div>\n\t\t<\/section>\n\t\t\t\t<\/div>\n\t\t","protected":false},"excerpt":{"rendered":"<p>\\ Dados para contato Contato Entre em contato conosco atrav\u00e9s das informa\u00e7\u00f5es a baixo ou preencha os dados no formul\u00e1rio e entraremos em contato o mais r\u00e1pido poss\u00edvel. Nosso endere\u00e7o Av. S\u00e3o Paulo, 795, Bairro: Itapaj\u00e9 E-mail gerencia@dintec.com.br Telefone (55) 3744-8168 Contato Dintec Sistemas Preencha o form\u00falario Comercial Suporte Enviar Mensagem<\/p>\n","protected":false},"author":1,"featured_media":0,"parent":0,"menu_order":0,"comment_status":"closed","ping_status":"closed","template":"page-templates\/template-default.php","meta":{"_joinchat":[],"footnotes":""},"class_list":["post-1087","page","type-page","status-publish","hentry"],"_links":{"self":[{"href":"https:\/\/dintec.com.br\/dintec\/wp-json\/wp\/v2\/pages\/1087","targetHints":{"allow":["GET"]}}],"collection":[{"href":"https:\/\/dintec.com.br\/dintec\/wp-json\/wp\/v2\/pages"}],"about":[{"href":"https:\/\/dintec.com.br\/dintec\/wp-json\/wp\/v2\/types\/page"}],"author":[{"embeddable":true,"href":"https:\/\/dintec.com.br\/dintec\/wp-json\/wp\/v2\/users\/1"}],"replies":[{"embeddable":true,"href":"https:\/\/dintec.com.br\/dintec\/wp-json\/wp\/v2\/comments?post=1087"}],"version-history":[{"count":61,"href":"https:\/\/dintec.com.br\/dintec\/wp-json\/wp\/v2\/pages\/1087\/revisions"}],"predecessor-version":[{"id":16859,"href":"https:\/\/dintec.com.br\/dintec\/wp-json\/wp\/v2\/pages\/1087\/revisions\/16859"}],"wp:attachment":[{"href":"https:\/\/dintec.com.br\/dintec\/wp-json\/wp\/v2\/media?parent=1087"}],"curies":[{"name":"wp","href":"https:\/\/api.w.org\/{rel}","templated":true}]}}